{"id":35,"date":"2025-01-13T13:37:57","date_gmt":"2025-01-13T12:37:57","guid":{"rendered":"https:\/\/p-dtptil.project.space\/?page_id=35"},"modified":"2025-10-13T15:00:09","modified_gmt":"2025-10-13T13:00:09","slug":"produkte","status":"publish","type":"page","link":"https:\/\/diener-gmbh.de\/de\/produkte\/","title":{"rendered":"Produkte"},"content":{"rendered":"<section class=\"bde-section-35-101 bde-section\">\n              \n  \n  \n\t    \n      <div class=\"section-background-video\">\n              <video\n          autoplay\n          muted\n                      playsinline\n                                loop\n                          >\n        <source src=\"https:\/\/diener-gmbh.de\/wp-content\/uploads\/christian-diener-video-header-drehen.mp4.mp4\" type=\"video\/mp4\" \/>\n      <\/video>\n      <\/div>\n\n\n  <div class=\"section-background-overlay\"><\/div>\n\n\n<div class=\"section-container\"><h1 class=\"bde-heading-35-102 bde-heading\">\nMedizintechnik-L\u00f6sungen\n<\/h1><\/div>\n<\/section><section class=\"bde-section-35-103 bde-section\">\n  \n  \n\t\n\n\n\n<div class=\"section-container\"><div class=\"bde-div-35-115 bde-div\">\n  \n  \n\t\n\n\n\n<div class=\"bde-div-35-116 bde-div\">\n  \n  \n\t\n\n\n\n<div class=\"bde-basicslider-35-139 bde-basicslider\">\n<div class=\"breakdance-swiper-wrapper\" data-swiper-id=\"139\">\n    <div class=\"swiper\">\n      <div class=\"swiper-wrapper\">\n      \n\t                    \n        <div class=\"swiper-slide\">\n          <div class=\"bde-basicslider__slide\">\n              <div class=\"bde-basicslider__content\">\n                                                <\/div>\n\n\t\t\t\t\t\t          <img loading=\"lazy\" decoding=\"async\" class=\"breakdance-image-object bde-basicslider__image\" src=\"https:\/\/diener-gmbh.de\/wp-content\/uploads\/christian-diener-gmbh-tuttlingen-chirurgische-instrumente-slider-2.jpg\" width=\"1920\" height=\"1280\" srcset=\"https:\/\/diener-gmbh.de\/wp-content\/uploads\/christian-diener-gmbh-tuttlingen-chirurgische-instrumente-slider-2.jpg 1920w, https:\/\/diener-gmbh.de\/wp-content\/uploads\/christian-diener-gmbh-tuttlingen-chirurgische-instrumente-slider-2-300x200.jpg 300w, https:\/\/diener-gmbh.de\/wp-content\/uploads\/christian-diener-gmbh-tuttlingen-chirurgische-instrumente-slider-2-1024x683.jpg 1024w, https:\/\/diener-gmbh.de\/wp-content\/uploads\/christian-diener-gmbh-tuttlingen-chirurgische-instrumente-slider-2-150x100.jpg 150w, https:\/\/diener-gmbh.de\/wp-content\/uploads\/christian-diener-gmbh-tuttlingen-chirurgische-instrumente-slider-2-768x512.jpg 768w, https:\/\/diener-gmbh.de\/wp-content\/uploads\/christian-diener-gmbh-tuttlingen-chirurgische-instrumente-slider-2-1536x1024.jpg 1536w\" sizes=\"auto, (max-width: 1920px) 100vw, 1920px\">\n\t\t\t\n          <\/div>\n        <\/div>\n       \n\t                    \n        <div class=\"swiper-slide\">\n          <div class=\"bde-basicslider__slide\">\n              <div class=\"bde-basicslider__content\">\n                                                <\/div>\n\n\t\t\t\t\t\t          <img loading=\"lazy\" decoding=\"async\" class=\"breakdance-image-object bde-basicslider__image\" src=\"https:\/\/diener-gmbh.de\/wp-content\/uploads\/christian-diener-gmbh-tuttlingen-chirurgische-instrumente-galerie-7.jpg\" width=\"1920\" height=\"1280\" srcset=\"https:\/\/diener-gmbh.de\/wp-content\/uploads\/christian-diener-gmbh-tuttlingen-chirurgische-instrumente-galerie-7.jpg 1920w, https:\/\/diener-gmbh.de\/wp-content\/uploads\/christian-diener-gmbh-tuttlingen-chirurgische-instrumente-galerie-7-300x200.jpg 300w, https:\/\/diener-gmbh.de\/wp-content\/uploads\/christian-diener-gmbh-tuttlingen-chirurgische-instrumente-galerie-7-1024x683.jpg 1024w, https:\/\/diener-gmbh.de\/wp-content\/uploads\/christian-diener-gmbh-tuttlingen-chirurgische-instrumente-galerie-7-150x100.jpg 150w, https:\/\/diener-gmbh.de\/wp-content\/uploads\/christian-diener-gmbh-tuttlingen-chirurgische-instrumente-galerie-7-768x512.jpg 768w, https:\/\/diener-gmbh.de\/wp-content\/uploads\/christian-diener-gmbh-tuttlingen-chirurgische-instrumente-galerie-7-1536x1024.jpg 1536w\" sizes=\"auto, (max-width: 1920px) 100vw, 1920px\">\n\t\t\t\n          <\/div>\n        <\/div>\n       \n\t                    \n        <div class=\"swiper-slide\">\n          <div class=\"bde-basicslider__slide\">\n              <div class=\"bde-basicslider__content\">\n                                                <\/div>\n\n\t\t\t\t\t\t          <img loading=\"lazy\" decoding=\"async\" class=\"breakdance-image-object bde-basicslider__image\" src=\"https:\/\/diener-gmbh.de\/wp-content\/uploads\/christian-diener-gmbh-tuttlingen-chirurgische-instrumente-galerie-7.jpg\" width=\"1920\" height=\"1280\" srcset=\"https:\/\/diener-gmbh.de\/wp-content\/uploads\/christian-diener-gmbh-tuttlingen-chirurgische-instrumente-galerie-7.jpg 1920w, https:\/\/diener-gmbh.de\/wp-content\/uploads\/christian-diener-gmbh-tuttlingen-chirurgische-instrumente-galerie-7-300x200.jpg 300w, https:\/\/diener-gmbh.de\/wp-content\/uploads\/christian-diener-gmbh-tuttlingen-chirurgische-instrumente-galerie-7-1024x683.jpg 1024w, https:\/\/diener-gmbh.de\/wp-content\/uploads\/christian-diener-gmbh-tuttlingen-chirurgische-instrumente-galerie-7-150x100.jpg 150w, https:\/\/diener-gmbh.de\/wp-content\/uploads\/christian-diener-gmbh-tuttlingen-chirurgische-instrumente-galerie-7-768x512.jpg 768w, https:\/\/diener-gmbh.de\/wp-content\/uploads\/christian-diener-gmbh-tuttlingen-chirurgische-instrumente-galerie-7-1536x1024.jpg 1536w\" sizes=\"auto, (max-width: 1920px) 100vw, 1920px\">\n\t\t\t\n          <\/div>\n        <\/div>\n       \n\t                    \n        <div class=\"swiper-slide\">\n          <div class=\"bde-basicslider__slide\">\n              <div class=\"bde-basicslider__content\">\n                                                <\/div>\n\n\t\t\t\t\t\t          <img loading=\"lazy\" decoding=\"async\" class=\"breakdance-image-object bde-basicslider__image\" src=\"https:\/\/diener-gmbh.de\/wp-content\/uploads\/christian-diener-gmbh-tuttlingen-chirurgische-instrumente-galerie-24.jpg\" width=\"1920\" height=\"1280\" srcset=\"https:\/\/diener-gmbh.de\/wp-content\/uploads\/christian-diener-gmbh-tuttlingen-chirurgische-instrumente-galerie-24.jpg 1920w, https:\/\/diener-gmbh.de\/wp-content\/uploads\/christian-diener-gmbh-tuttlingen-chirurgische-instrumente-galerie-24-300x200.jpg 300w, https:\/\/diener-gmbh.de\/wp-content\/uploads\/christian-diener-gmbh-tuttlingen-chirurgische-instrumente-galerie-24-1024x683.jpg 1024w, https:\/\/diener-gmbh.de\/wp-content\/uploads\/christian-diener-gmbh-tuttlingen-chirurgische-instrumente-galerie-24-150x100.jpg 150w, https:\/\/diener-gmbh.de\/wp-content\/uploads\/christian-diener-gmbh-tuttlingen-chirurgische-instrumente-galerie-24-768x512.jpg 768w, https:\/\/diener-gmbh.de\/wp-content\/uploads\/christian-diener-gmbh-tuttlingen-chirurgische-instrumente-galerie-24-1536x1024.jpg 1536w\" sizes=\"auto, (max-width: 1920px) 100vw, 1920px\">\n\t\t\t\n          <\/div>\n        <\/div>\n       \n\t                    \n        <div class=\"swiper-slide\">\n          <div class=\"bde-basicslider__slide\">\n              <div class=\"bde-basicslider__content\">\n                                                <\/div>\n\n\t\t\t\t\t\t          <img loading=\"lazy\" decoding=\"async\" class=\"breakdance-image-object bde-basicslider__image\" src=\"https:\/\/diener-gmbh.de\/wp-content\/uploads\/christian-diener-gmbh-tuttlingen-stilbilder-chirurgische-instrumente-15.jpg\" width=\"1920\" height=\"1280\" srcset=\"https:\/\/diener-gmbh.de\/wp-content\/uploads\/christian-diener-gmbh-tuttlingen-stilbilder-chirurgische-instrumente-15.jpg 1920w, https:\/\/diener-gmbh.de\/wp-content\/uploads\/christian-diener-gmbh-tuttlingen-stilbilder-chirurgische-instrumente-15-300x200.jpg 300w, https:\/\/diener-gmbh.de\/wp-content\/uploads\/christian-diener-gmbh-tuttlingen-stilbilder-chirurgische-instrumente-15-1024x683.jpg 1024w, https:\/\/diener-gmbh.de\/wp-content\/uploads\/christian-diener-gmbh-tuttlingen-stilbilder-chirurgische-instrumente-15-150x100.jpg 150w, https:\/\/diener-gmbh.de\/wp-content\/uploads\/christian-diener-gmbh-tuttlingen-stilbilder-chirurgische-instrumente-15-768x512.jpg 768w, https:\/\/diener-gmbh.de\/wp-content\/uploads\/christian-diener-gmbh-tuttlingen-stilbilder-chirurgische-instrumente-15-1536x1024.jpg 1536w\" sizes=\"auto, (max-width: 1920px) 100vw, 1920px\">\n\t\t\t\n          <\/div>\n        <\/div>\n       \n\t                    \n        <div class=\"swiper-slide\">\n          <div class=\"bde-basicslider__slide\">\n              <div class=\"bde-basicslider__content\">\n                                                <\/div>\n\n\t\t\t\t\t\t          <img loading=\"lazy\" decoding=\"async\" class=\"breakdance-image-object bde-basicslider__image\" src=\"https:\/\/diener-gmbh.de\/wp-content\/uploads\/christian-diener-gmbh-tuttlingen-stilbilder-chirurgische-instrumente-2.jpg\" width=\"1920\" height=\"1280\" srcset=\"https:\/\/diener-gmbh.de\/wp-content\/uploads\/christian-diener-gmbh-tuttlingen-stilbilder-chirurgische-instrumente-2.jpg 1920w, https:\/\/diener-gmbh.de\/wp-content\/uploads\/christian-diener-gmbh-tuttlingen-stilbilder-chirurgische-instrumente-2-300x200.jpg 300w, https:\/\/diener-gmbh.de\/wp-content\/uploads\/christian-diener-gmbh-tuttlingen-stilbilder-chirurgische-instrumente-2-1024x683.jpg 1024w, https:\/\/diener-gmbh.de\/wp-content\/uploads\/christian-diener-gmbh-tuttlingen-stilbilder-chirurgische-instrumente-2-150x100.jpg 150w, https:\/\/diener-gmbh.de\/wp-content\/uploads\/christian-diener-gmbh-tuttlingen-stilbilder-chirurgische-instrumente-2-768x512.jpg 768w, https:\/\/diener-gmbh.de\/wp-content\/uploads\/christian-diener-gmbh-tuttlingen-stilbilder-chirurgische-instrumente-2-1536x1024.jpg 1536w\" sizes=\"auto, (max-width: 1920px) 100vw, 1920px\">\n\t\t\t\n          <\/div>\n        <\/div>\n       \n      <\/div>\n    <\/div>\n        \n            <div class=\"swiper-pagination\"><\/div>\n    \n<\/div>\n\n<\/div>\n<\/div><div class=\"bde-div-35-117 bde-div\">\n  \n  \n\t\n\n\n\n<div class=\"bde-div-35-133 bde-div\" data-entrance=\"slideRight\">\n  \n  \n\t\n\n\n\n<h2 class=\"bde-heading-35-134 bde-heading\">\nPr\u00e4zises know-how\n<\/h2><h3 class=\"bde-heading-35-135 bde-heading\">\nInnovativ, individuell und pr\u00e4zise\n<\/h3><div class=\"bde-text-35-136 bde-text\">\nDie Produkte aus dem Hause Diener entstehen durch das perfekte Zusammenspiel von Mensch und Maschinen. Computergesteuerte, vernetzte Bearbeitungszentren schaffen die Basis, die in Handarbeit von erfahrenen, qualifizierten Fachkr\u00e4ften zu hochkomplexen Instrumenten verarbeitet wird. Unsere hohe Fertigungstiefe, validierte Produktionsverfahren und eine optimale Prozesssteuerung und -kontrolle versetzen uns in die Lage, schnell und flexibel auf individuelle Anforderungen reagieren zu k\u00f6nnen.<br><br>Alle Instrumente werden nahezu vollst\u00e4ndig an unserem Standort in Tuttlingen, dem Herzst\u00fcck des \u201eMedical Valley\u201c und Welthauptstadt der Medizintechnik, hergestellt. Bei einigen wenigen Arbeitsschritten, die wir nicht im eigenen Haus erbringen k\u00f6nnen, kooperieren wir mit zuverl\u00e4ssigen Partnerunternehmen aus der unmittelbaren Umgebung.\n<\/div><div class=\"bde-button-35-137 bde-button\">\n    \n                        \n                        \n    \n    \n    \n    \n            \n                    \n            \n            \n\n    \n    \n    \n    \n    \n    <a class=\"breakdance-link button-atom button-atom--custom bde-button__button\" href=\"https:\/\/diener-gmbh.de\/kontakt\/\" target=\"_self\" data-type=\"url\"  >\n\n    \n        <span class=\"button-atom__text\">Kontakt aufnehmen<\/span>\n\n                            \n        \n                <\/a>\n\n    \n\n\n<\/div>\n<\/div><div class=\"bde-div-35-138 bde-div\">\n  \n  \n\t\n\n\n\n\n<\/div>\n<\/div>\n<\/div><\/div>\n<\/section><section class=\"bde-section-35-155 bde-section\">\n  \n  \n\t\n\n\n\n<div class=\"section-container\"><div class=\"bde-div-35-166 bde-div\">\n  \n  \n\t\n\n\n\n<div class=\"bde-div-35-167 bde-div\">\n  \n  \n\t\n\n\n\n<h1 class=\"bde-heading-35-168 bde-heading\">\nFacts about\n<\/h1><h4 class=\"bde-heading-35-169 bde-heading\">\nProduktvielfalt\n<\/h4>\n<\/div><div class=\"bde-div-35-170 bde-div\">\n  \n  \n\t\n\n\n\n<div class=\"bde-simple-counter-35-171 bde-simple-counter\">\n<div class=\"bde-simple-counter__wrapper\">\n  <p class=\"bde-simple-counter__number bde-h6\">\n    <span class=\"bde-simple-counter__prefix\"><\/span>\n    <span class=\"bde-simple-counter__digit js-digit\"><\/span>\n    <span class=\"bde-simple-counter__suffix\">+<\/span>\n  <\/p>\n    \t<div class=\"bde-simple-counter__title\" >verschiedne Instrumente im Sortiment<\/div>\n  <\/div>\n\n<\/div>\n<\/div><div class=\"bde-div-35-172 bde-div\">\n  \n  \n\t\n\n\n\n<div class=\"bde-simple-counter-35-173 bde-simple-counter\">\n<div class=\"bde-simple-counter__wrapper\">\n  <p class=\"bde-simple-counter__number bde-h6\">\n    <span class=\"bde-simple-counter__prefix\"><\/span>\n    <span class=\"bde-simple-counter__digit js-digit\"><\/span>\n    <span class=\"bde-simple-counter__suffix\">+<\/span>\n  <\/p>\n    \t<div class=\"bde-simple-counter__title\" >Jahre Erfahrung in der Medizintechnik<\/div>\n  <\/div>\n\n<\/div>\n<\/div><div class=\"bde-div-35-174 bde-div\">\n  \n  \n\t\n\n\n\n<div class=\"bde-simple-counter-35-175 bde-simple-counter\">\n<div class=\"bde-simple-counter__wrapper\">\n  <p class=\"bde-simple-counter__number bde-h6\">\n    <span class=\"bde-simple-counter__prefix\"><\/span>\n    <span class=\"bde-simple-counter__digit js-digit\"><\/span>\n    <span class=\"bde-simple-counter__suffix\">+<\/span>\n  <\/p>\n    \t<div class=\"bde-simple-counter__title\" >Tonnen verarbeitetes (Edel-)Stahl pro Jahr<\/div>\n  <\/div>\n\n<\/div>\n<\/div>\n<\/div><\/div>\n<\/section><section class=\"bde-section-35-189 bde-section\">\n  \n  \n\t\n\n\n\n<div class=\"section-container\"><div class=\"bde-image-35-190 bde-image\" data-parallax=\"true\">\n<figure class=\"breakdance-image breakdance-image--444\">\n\t<div class=\"breakdance-image-container\">\n\t\t<div class=\"breakdance-image-clip\"><img loading=\"lazy\" decoding=\"async\" class=\"breakdance-image-object\" src=\"https:\/\/diener-gmbh.de\/wp-content\/uploads\/diener-zerspanungsmechaniker-jobs-karriere-8-1.jpg\" width=\"1920\" height=\"1280\" srcset=\"https:\/\/diener-gmbh.de\/wp-content\/uploads\/diener-zerspanungsmechaniker-jobs-karriere-8-1.jpg 1920w, https:\/\/diener-gmbh.de\/wp-content\/uploads\/diener-zerspanungsmechaniker-jobs-karriere-8-1-300x200.jpg 300w, https:\/\/diener-gmbh.de\/wp-content\/uploads\/diener-zerspanungsmechaniker-jobs-karriere-8-1-1024x683.jpg 1024w, https:\/\/diener-gmbh.de\/wp-content\/uploads\/diener-zerspanungsmechaniker-jobs-karriere-8-1-150x100.jpg 150w, https:\/\/diener-gmbh.de\/wp-content\/uploads\/diener-zerspanungsmechaniker-jobs-karriere-8-1-768x512.jpg 768w, https:\/\/diener-gmbh.de\/wp-content\/uploads\/diener-zerspanungsmechaniker-jobs-karriere-8-1-1536x1024.jpg 1536w\" sizes=\"auto, (max-width: 1920px) 100vw, 1920px\"><\/div>\n\t<\/div><\/figure>\n\n<\/div><\/div>\n<\/section><section class=\"bde-section-35-176 bde-section\">\n  \n  \n\t\n\n\n\n<div class=\"section-container\"><div class=\"bde-div-35-177 bde-div\">\n  \n  \n\t\n\n\n\n<h5 class=\"bde-heading-35-180 bde-heading\">\nSonder\u00adan\u00adfertigungen\n<\/h5><h6 class=\"bde-heading-35-181 bde-heading\">\nVon der IDee zur perfekten L\u00f6sung\n<\/h6><div class=\"bde-text-35-182 bde-text\">\nDie Produkte aus dem Hause Diener entstehen durch das perfekte Zusammenspiel von Mensch und Maschine. Computergesteuerte, vernetzte Bearbeitungszentren schaffen die Basis, die in Handarbeit von erfahrenen, qualifizierten Fachkr\u00e4ften zu hochkomplexen Instrumenten verarbeitet wird. Unsere hohe Fertigungstiefe, validierte Produktionsverfahren und eine optimale Prozesssteuerung und -kontrolle versetzen uns in die Lage, schnell und flexibel auf individuelle Anforderungen reagieren zu k\u00f6nnen.\n<\/div><div class=\"bde-text-35-188 bde-text\">\nAlle Instrumente werden nahezu vollst\u00e4ndig an unserem Standort in Tuttlingen, dem Herzst\u00fcck des \u201eMedical Valley\u201c und Welthauptstadt der Medizintechnik, hergestellt. Bei einigen wenigen Arbeitsschritten, die wir nicht im eigenen Haus erbringen k\u00f6nnen, kooperieren wir mit zuverl\u00e4ssigen Partnerunternehmen aus der unmittelbaren Umgebung.\n<\/div>\n<\/div><div class=\"bde-div-35-178 bde-div\">\n  \n  \n\t\n\n\n\n<img decoding=\"async\" class=\"bde-image2-35-179 bde-image2\" src=\"https:\/\/diener-gmbh.de\/wp-content\/uploads\/christian-diener-gmbh-tuttlingen-chirurgische-instrumente-slider-10.jpg\" alt=\"Handwerker bei der Arbeit mit Werkzeug in einer Werkstatt, Fokus auf Pr\u00e4zision und Handwerkskunst.\" loading=\"lazy\" srcset=\"https:\/\/diener-gmbh.de\/wp-content\/uploads\/christian-diener-gmbh-tuttlingen-chirurgische-instrumente-slider-10.jpg 1920w, https:\/\/diener-gmbh.de\/wp-content\/uploads\/christian-diener-gmbh-tuttlingen-chirurgische-instrumente-slider-10-300x200.jpg 300w, https:\/\/diener-gmbh.de\/wp-content\/uploads\/christian-diener-gmbh-tuttlingen-chirurgische-instrumente-slider-10-1024x683.jpg 1024w, https:\/\/diener-gmbh.de\/wp-content\/uploads\/christian-diener-gmbh-tuttlingen-chirurgische-instrumente-slider-10-150x100.jpg 150w, https:\/\/diener-gmbh.de\/wp-content\/uploads\/christian-diener-gmbh-tuttlingen-chirurgische-instrumente-slider-10-768x512.jpg 768w, https:\/\/diener-gmbh.de\/wp-content\/uploads\/christian-diener-gmbh-tuttlingen-chirurgische-instrumente-slider-10-1536x1024.jpg 1536w\" sizes=\"(max-width: 1920px) 100vw, 1920px\"><div class=\"bde-icon-box-35-187 bde-icon-box\" data-parallax=\"true\">\n\n    \n            <div class=\"ee-iconbox-icon breakdance-icon-atom\" >\n    \n                    <svg version=\"1.1\" id=\"Ebene_1\" xmlns=\"http:\/\/www.w3.org\/2000\/svg\" xmlns:xlink=\"http:\/\/www.w3.org\/1999\/xlink\" x=\"0px\" y=\"0px\" viewBox=\"0 0 86 86\" style=\"enable-background:new 0 0 86 86;\" xml:space=\"preserve\">\r\n<g>\r\n\t<path d=\"M64.3,27c-0.7-0.7-2-0.7-2.7,0l-1,1L58,25.5l1-1c0.7-0.7,0.7-1.9,0-2.7l-1.6-1.6c-0.7-0.7-2-0.7-2.7,0   c-0.3,0.3-0.5,0.6-0.7,0.9c-0.8,1.1-1.2,2.4-1.2,3.8c0,1.8,0.7,3.4,1.9,4.7l1.9,1.9c1.3,1.3,3,1.9,4.7,1.9c1.3,0,2.7-0.4,3.8-1.2   c0.3-0.2,0.6-0.5,0.9-0.7c0.4-0.4,0.6-0.8,0.6-1.3c0-0.5-0.2-1-0.6-1.3L64.3,27z M63.9,30.5c-1.8,1.3-4.3,1.1-5.9-0.5l-1.9-1.9   c-0.9-0.9-1.3-2-1.3-3.3c0-1,0.3-1.9,0.8-2.7c0.1-0.2,0.3-0.4,0.4-0.5l1.5,1.5l-1,1c-0.7,0.7-0.7,1.9,0,2.7l2.7,2.7   c0.7,0.7,1.9,0.7,2.7,0l1-1l1.5,1.5C64.3,30.2,64.1,30.4,63.9,30.5z\"\/>\r\n\t<path d=\"M68,18.8c-2-2.3-4.9-3.6-7.9-3.7c-3.1-0.1-6,1.1-8.2,3.2c-3.3,3.3-4.2,8.3-2.2,12.5l-1.2,4.6c-0.1,0.5,0,1.1,0.4,1.5   c0.3,0.3,0.7,0.5,1.1,0.5c0.1,0,0.3,0,0.4-0.1l4.6-1.2c4.6,2.2,9.9,1,13.2-2.9C71.7,29,71.6,22.8,68,18.8z M66.7,31.9   c-2.7,3.3-7.3,4.2-11.1,2.3C55.4,34,55.1,34,54.9,34l-4.2,1.1l1.1-4.2c0.1-0.2,0-0.5-0.1-0.7c-1.8-3.5-1.1-7.7,1.6-10.5   c1.8-1.8,4.2-2.7,6.7-2.6c2.5,0.1,4.8,1.2,6.5,3.1C69.5,23.4,69.5,28.5,66.7,31.9z\"\/>\r\n\t<path d=\"M39.7,50c1.1-1.1,2-2.3,2.6-3.8c0.1,0,0.2,0.1,0.4,0.1h1c2.2,0,4-1.8,4-4V41c0-1.3-0.6-2.5-1.6-3.2   c-0.1-6.7-6.4-12.1-14.1-12.1c-7.7,0-13.9,5.3-14.1,11.9c-1.2,0.7-2,2-2,3.4v1.3c0,2.2,1.8,4,4,4h1c0.1,0,0.3,0,0.4-0.1   c0.6,1.4,1.5,2.7,2.6,3.8c-5.3,2.9-8.7,8.4-8.7,14.6c0,2,0.4,4,1,5.8c0.1,0.4,0.5,0.7,0.9,0.7h29.2c0.4,0,0.8-0.3,0.9-0.7   c0.7-1.9,1-3.8,1-5.8C48.4,58.4,45,52.8,39.7,50z M45.7,41v1.3c0,1.1-0.9,2-2,2V39C44.8,39,45.7,39.9,45.7,41z M19.9,44.3   c-1.1,0-2-0.9-2-2V41c0-1.1,0.9-2,2-2V44.3z M20.9,37h-1c0,0,0,0,0,0c0.6-5.2,5.8-9.3,12.1-9.3c6.3,0,11.5,4.1,12.1,9.3   c-0.1,0-0.2,0-0.4,0h-1c-0.1,0-0.3,0-0.4,0.1c-1.8-4.1-5.8-6.9-10.5-6.9c-4.7,0-8.8,2.8-10.5,6.9C21.2,37,21,37,20.9,37z    M22.3,41.6c0-5.2,4.3-9.5,9.5-9.5c5.2,0,9.5,4.3,9.5,9.5s-4.3,9.5-9.5,9.5C26.6,51.1,22.3,46.9,22.3,41.6z M45.7,69H17.9   c-0.5-1.4-0.7-2.9-0.7-4.5c0-5.7,3.3-10.8,8.4-13.2c1.8,1.1,3.9,1.8,6.2,1.8c2.3,0,4.4-0.7,6.2-1.8c5.1,2.4,8.4,7.5,8.4,13.2   C46.4,66,46.2,67.5,45.7,69z\"\/>\r\n<\/g>\r\n<\/svg>\n        \n        \n        \n            <\/div>\n    \n\n<div class=\"ee-iconbox-content\">\n      <h4 class=\"ee-iconbox-title bde-h3\" >Fragen?<\/h4>\n        <div class=\"ee-iconbox-text\" >Ihr n\u00e4chstes Projekt ist bei uns in den besten H\u00e4nden \u2013 kontaktieren Sie uns mit Ihrem Anliegen!<\/div>\n            \n                        \n                        \n    \n    \n    \n    \n            \n                    \n            \n            \n\n    \n    \n    \n    \n    \n    <a class=\"breakdance-link button-atom button-atom--text ee-iconbox-button\" href=\"https:\/\/diener-gmbh.de\/kontakt\/\" target=\"_self\" data-type=\"url\"  >\n\n    \n        <span class=\"button-atom__text\">Kontakt aufnehmen<\/span>\n\n        \n                    \n    <span class=\"button-atom__icon-wrapper\">\n\n        \n            <svg class=\"un-arrow-icon\" width=\"10\" height=\"10\" viewBox=\"0 0 10 10\" aria-hidden=\"true\">\n                <g fill-rule=\"evenodd\">\n                    <path class=\"un-arrow-icon_line\" d=\"M0 5h7\"><\/path>\n                    <path class=\"un-arrow-icon_arrow\" d=\"M1 1l4 4-4 4\"><\/path>\n                <\/g>\n            <\/svg>\n\n        \n    <\/span>\n\n\n        \n                <\/a>\n\n    \n\n  <\/div>\n\n<\/div>\n<\/div><\/div>\n<\/section>","protected":false},"excerpt":{"rendered":"<p>Medizintechnik-L\u00f6sungen Pr\u00e4zises know-how Innovativ, individuell und pr\u00e4zise Die Produkte aus dem Hause Diener entstehen durch das perfekte Zusammenspiel von Mensch und Maschinen. Computergesteuerte, vernetzte Bearbeitungszentren schaffen die Basis, die in Handarbeit von erfahrenen, qualifizierten Fachkr\u00e4ften zu hochkomplexen Instrumenten verarbeitet wird. Unsere hohe Fertigungstiefe, validierte Produktionsverfahren und eine optimale Prozesssteuerung und -kontrolle versetzen uns in die [&hellip;]<\/p>\n","protected":false},"author":1,"featured_media":0,"parent":0,"menu_order":0,"comment_status":"closed","ping_status":"closed","template":"","meta":{"_breakdance_hide_in_design_set":false,"_breakdance_tags":"","footnotes":""},"class_list":["post-35","page","type-page","status-publish","hentry"],"_links":{"self":[{"href":"https:\/\/diener-gmbh.de\/de\/wp-json\/wp\/v2\/pages\/35","targetHints":{"allow":["GET"]}}],"collection":[{"href":"https:\/\/diener-gmbh.de\/de\/wp-json\/wp\/v2\/pages"}],"about":[{"href":"https:\/\/diener-gmbh.de\/de\/wp-json\/wp\/v2\/types\/page"}],"author":[{"embeddable":true,"href":"https:\/\/diener-gmbh.de\/de\/wp-json\/wp\/v2\/users\/1"}],"replies":[{"embeddable":true,"href":"https:\/\/diener-gmbh.de\/de\/wp-json\/wp\/v2\/comments?post=35"}],"version-history":[{"count":5,"href":"https:\/\/diener-gmbh.de\/de\/wp-json\/wp\/v2\/pages\/35\/revisions"}],"predecessor-version":[{"id":933,"href":"https:\/\/diener-gmbh.de\/de\/wp-json\/wp\/v2\/pages\/35\/revisions\/933"}],"wp:attachment":[{"href":"https:\/\/diener-gmbh.de\/de\/wp-json\/wp\/v2\/media?parent=35"}],"curies":[{"name":"wp","href":"https:\/\/api.w.org\/{rel}","templated":true}]}}